{"id":510,"date":"2019-03-06T08:02:47","date_gmt":"2019-03-06T08:02:47","guid":{"rendered":"http:\/\/mau2.maudep.com.vn\/mypham\/?page_id=510"},"modified":"2023-04-01T02:38:03","modified_gmt":"2023-04-01T02:38:03","slug":"lien-he","status":"publish","type":"page","link":"https:\/\/klever.vinastar.info\/?page_id=510","title":{"rendered":"Li\u00ean h\u1ec7"},"content":{"rendered":"<div class=\"row\"  id=\"row-934825205\">\n\n\t<div id=\"col-1436950016\" class=\"col medium-6 small-12 large-6\"  >\n\t\t\t\t<div class=\"col-inner\"  >\n\t\t\t\n\t\t\t\n<h2><span style=\"color: #000000;\"><strong>TH\u00d4NG TIN LI\u00caN H\u1ec6<\/strong><\/span><\/h2>\n<p><span style=\"color: #000000;\">C\u00d4NG TY TNHH \u0110\u1ea6U T\u01af V\u00c0 C\u00d4NG NGH\u1ec6 XANH &#8211; PHUXUAN GREENTECH GROUP<\/span><\/p>\n<p><span style=\"color: #000000;\"><i class=\"fas fa-map-marker\"><\/i> Tr\u1ee5 s\u1edf: S\u1ed1 26 LK6A C17 Khu \u0111\u00f4 th\u1ecb M\u1ed7 Lao, H\u00e0 \u0110\u00f4ng, H\u00e0 N\u1ed9i<\/span><\/p>\n<p><span style=\"color: #000000;\"><i class=\"fas fa-map-marker\"><\/i> V\u0103n ph\u00f2ng giao d\u1ecbch: S\u1ed1 36 BT5 X2 Khu \u0111\u00f4 th\u1ecb B\u1eafc Linh \u0110\u00e0m, Ho\u00e0ng Mai, H\u00e0 N\u1ed9i<\/span><\/p>\n<p><span style=\"color: #000000;\"><i class=\"fas fa-envelope\"><\/i> Email: care.klever@gmail.com<\/span><\/p>\n<p><span style=\"color: #000000;\"><i class=\"fas fa-phone\"><\/i> Hotline: 0912.879.302<\/span><\/p>\n<p><span style=\"color: #000000;\"><i class=\"fas fa-globe\"><\/i> Website: www.klever.com.vn<\/span><\/p>\n\t\t<\/div>\n\t\t\t\t\t<\/div>\n\n\t\n\n\t<div id=\"col-1522191216\" class=\"col medium-6 small-12 large-6\"  >\n\t\t\t\t<div class=\"col-inner\"  >\n\t\t\t\n\t\t\t\n<h2>Li\u00ean h\u1ec7<\/h2>\n<div class=\"wpcf7 no-js\" id=\"wpcf7-f6-o1\" lang=\"vi\" dir=\"ltr\">\n<div class=\"screen-reader-response\"><p role=\"status\" aria-live=\"polite\" aria-atomic=\"true\"><\/p> <ul><\/ul><\/div>\n<form action=\"\/index.php?rest_route=%2Fwp%2Fv2%2Fpages%2F510#wpcf7-f6-o1\" method=\"post\" class=\"wpcf7-form init\" aria-label=\"Contact form\" novalidate=\"novalidate\" data-status=\"init\">\n<div style=\"display: none;\">\n<input type=\"hidden\" name=\"_wpcf7\" value=\"6\" \/>\n<input type=\"hidden\" name=\"_wpcf7_version\" value=\"5.7.1\" \/>\n<input type=\"hidden\" name=\"_wpcf7_locale\" value=\"vi\" \/>\n<input type=\"hidden\" name=\"_wpcf7_unit_tag\" value=\"wpcf7-f6-o1\" \/>\n<input type=\"hidden\" name=\"_wpcf7_container_post\" value=\"0\" \/>\n<input type=\"hidden\" name=\"_wpcf7_posted_data_hash\" value=\"\" \/>\n<\/div>\n<p><label> H\u1ecd v\u00e0 t\u00ean<br \/>\n<span class=\"wpcf7-form-control-wrap\" data-name=\"your-name\"><input size=\"40\" class=\"wpcf7-form-control wpcf7-text wpcf7-validates-as-required\" aria-required=\"true\" aria-invalid=\"false\" value=\"\" type=\"text\" name=\"your-name\" \/><\/span> <\/label>\n<\/p>\n<p><label> Email<br \/>\n<span class=\"wpcf7-form-control-wrap\" data-name=\"your-email\"><input size=\"40\" class=\"wpcf7-form-control wpcf7-text wpcf7-email wpcf7-validates-as-required wpcf7-validates-as-email\" aria-required=\"true\" aria-invalid=\"false\" value=\"\" type=\"email\" name=\"your-email\" \/><\/span> <\/label>\n<\/p>\n<p><label> N\u1ed9i dung<br \/>\n<span class=\"wpcf7-form-control-wrap\" data-name=\"your-message\"><textarea cols=\"40\" rows=\"10\" class=\"wpcf7-form-control wpcf7-textarea\" aria-invalid=\"false\" name=\"your-message\"><\/textarea><\/span> <\/label>\n<\/p>\n<p><input class=\"wpcf7-form-control has-spinner wpcf7-submit\" type=\"submit\" value=\"G\u1eedi\" \/>\n<\/p><div class=\"wpcf7-response-output\" aria-hidden=\"true\"><\/div><\/form><\/div>\n\t\t<\/div>\n\t\t\t\t\t<\/div>\n\n\t\n\n<style>\n#row-934825205 > .col > .col-inner {\n  padding: 30px 0px 0px 0px;\n}\n<\/style>\n<\/div>\n<div class=\"row\"  id=\"row-1980022274\">\n\n\t<div id=\"col-1742427900\" class=\"col small-12 large-12\"  >\n\t\t\t\t<div class=\"col-inner\"  >\n\t\t\t\n\t\t\t\n<p><iframe src=\"https:\/\/www.google.com\/maps\/embed?pb=!1m18!1m12!1m3!1d3725.165527312359!2d105.78130071540201!3d20.986000894611568!2m3!1f0!2f0!3f0!3m2!1i1024!2i768!4f13.1!3m3!1m2!1s0x3135accbe464d7e7%3A0x8ab54e5a006f0745!2sC%C3%B4ng%20Ty%20Habisco!5e0!3m2!1svi!2s!4v1680316669268!5m2!1svi!2s\" width=\"100%\" height=\"450\" style=\"border:0;\" allowfullscreen=\"\" loading=\"lazy\" referrerpolicy=\"no-referrer-when-downgrade\"><\/iframe><\/p>\n\t\t<\/div>\n\t\t\t\t\t<\/div>\n\n\t\n<\/div>\n","protected":false},"excerpt":{"rendered":"","protected":false},"author":1,"featured_media":0,"parent":0,"menu_order":0,"comment_status":"closed","ping_status":"closed","template":"page-blank.php","meta":[],"_links":{"self":[{"href":"https:\/\/klever.vinastar.info\/index.php?rest_route=\/wp\/v2\/pages\/510"}],"collection":[{"href":"https:\/\/klever.vinastar.info\/index.php?rest_route=\/wp\/v2\/pages"}],"about":[{"href":"https:\/\/klever.vinastar.info\/index.php?rest_route=\/wp\/v2\/types\/page"}],"author":[{"embeddable":true,"href":"https:\/\/klever.vinastar.info\/index.php?rest_route=\/wp\/v2\/users\/1"}],"replies":[{"embeddable":true,"href":"https:\/\/klever.vinastar.info\/index.php?rest_route=%2Fwp%2Fv2%2Fcomments&post=510"}],"version-history":[{"count":1,"href":"https:\/\/klever.vinastar.info\/index.php?rest_route=\/wp\/v2\/pages\/510\/revisions"}],"predecessor-version":[{"id":2474,"href":"https:\/\/klever.vinastar.info\/index.php?rest_route=\/wp\/v2\/pages\/510\/revisions\/2474"}],"wp:attachment":[{"href":"https:\/\/klever.vinastar.info\/index.php?rest_route=%2Fwp%2Fv2%2Fmedia&parent=510"}],"curies":[{"name":"wp","href":"https:\/\/api.w.org\/{rel}","templated":true}]}}